{"id":6843,"date":"2024-06-06T10:10:39","date_gmt":"2024-06-06T08:10:39","guid":{"rendered":"https:\/\/www.chateau-de-menthon.com\/?post_type=product&#038;p=6843"},"modified":"2024-06-06T10:10:39","modified_gmt":"2024-06-06T08:10:39","slug":"marque-page","status":"publish","type":"product","link":"https:\/\/www.chateau-de-menthon.com\/en\/produit\/marque-page\/","title":{"rendered":"Marque-page"},"content":{"rendered":"","protected":false},"excerpt":{"rendered":"<p>Liant l\u2019utile \u00e0 l\u2019agr\u00e9able, ce marque page \u00e9l\u00e9gant et pratique, permet de faire une pause pour les amoureux de la lecture.<\/p>\n","protected":false},"featured_media":6846,"comment_status":"closed","ping_status":"closed","template":"","meta":{"_acf_changed":false},"product_cat":[79,96],"product_tag":[],"class_list":{"0":"post-6843","1":"product","2":"type-product","3":"status-publish","4":"has-post-thumbnail","6":"product_cat-librairie-souvenirs","7":"product_cat-souvenirs","9":"first","10":"instock","11":"taxable","12":"shipping-taxable","13":"purchasable","14":"product-type-simple"},"acf":[],"yoast_head":"<!-- This site is optimized with the Yoast SEO plugin v23.9 - https:\/\/yoast.com\/wordpress\/plugins\/seo\/ -->\n<title>Marque-page - Ch\u00e2teau de Menthon<\/title>\n<meta name=\"robots\" content=\"index, follow, max-snippet:-1, max-image-preview:large, max-video-preview:-1\" \/>\n<link rel=\"canonical\" href=\"https:\/\/www.chateau-de-menthon.com\/produit\/marque-page\/\" \/>\n<meta property=\"og:locale\" content=\"en_US\" \/>\n<meta property=\"og:type\" content=\"article\" \/>\n<meta property=\"og:title\" content=\"Marque-page - Ch\u00e2teau de Menthon\" \/>\n<meta property=\"og:description\" content=\"Liant l\u2019utile \u00e0 l\u2019agr\u00e9able, ce marque page \u00e9l\u00e9gant et pratique, permet de faire une pause pour les amoureux de la lecture.\" \/>\n<meta property=\"og:url\" content=\"https:\/\/www.chateau-de-menthon.com\/produit\/marque-page\/\" \/>\n<meta property=\"og:site_name\" content=\"Ch\u00e2teau de Menthon\" \/>\n<meta property=\"article:publisher\" content=\"https:\/\/www.facebook.com\/chateaudementhon\/\" \/>\n<meta property=\"og:image\" content=\"https:\/\/www.chateau-de-menthon.com\/wp-content\/uploads\/2024\/06\/MARQUE-PAGE-CHATEAU-MENTHON-P240502142332-6-RAW-30.jpg\" \/>\n\t<meta property=\"og:image:width\" content=\"1920\" \/>\n\t<meta property=\"og:image:height\" content=\"1920\" \/>\n\t<meta property=\"og:image:type\" content=\"image\/jpeg\" \/>\n<meta name=\"twitter:card\" content=\"summary_large_image\" \/>\n<script type=\"application\/ld+json\" class=\"yoast-schema-graph\">{\"@context\":\"https:\/\/schema.org\",\"@graph\":[{\"@type\":\"WebPage\",\"@id\":\"https:\/\/www.chateau-de-menthon.com\/produit\/marque-page\/\",\"url\":\"https:\/\/www.chateau-de-menthon.com\/produit\/marque-page\/\",\"name\":\"Marque-page - Ch\u00e2teau de Menthon\",\"isPartOf\":{\"@id\":\"https:\/\/www.chateau-de-menthon.com\/#website\"},\"primaryImageOfPage\":{\"@id\":\"https:\/\/www.chateau-de-menthon.com\/produit\/marque-page\/#primaryimage\"},\"image\":{\"@id\":\"https:\/\/www.chateau-de-menthon.com\/produit\/marque-page\/#primaryimage\"},\"thumbnailUrl\":\"https:\/\/www.chateau-de-menthon.com\/wp-content\/uploads\/2024\/06\/MARQUE-PAGE-CHATEAU-MENTHON-P240502142332-6-RAW-30.jpg\",\"datePublished\":\"2024-06-06T08:10:39+00:00\",\"dateModified\":\"2024-06-06T08:10:39+00:00\",\"breadcrumb\":{\"@id\":\"https:\/\/www.chateau-de-menthon.com\/produit\/marque-page\/#breadcrumb\"},\"inLanguage\":\"en-US\",\"potentialAction\":[{\"@type\":\"ReadAction\",\"target\":[\"https:\/\/www.chateau-de-menthon.com\/produit\/marque-page\/\"]}]},{\"@type\":\"ImageObject\",\"inLanguage\":\"en-US\",\"@id\":\"https:\/\/www.chateau-de-menthon.com\/produit\/marque-page\/#primaryimage\",\"url\":\"https:\/\/www.chateau-de-menthon.com\/wp-content\/uploads\/2024\/06\/MARQUE-PAGE-CHATEAU-MENTHON-P240502142332-6-RAW-30.jpg\",\"contentUrl\":\"https:\/\/www.chateau-de-menthon.com\/wp-content\/uploads\/2024\/06\/MARQUE-PAGE-CHATEAU-MENTHON-P240502142332-6-RAW-30.jpg\",\"width\":1920,\"height\":1920},{\"@type\":\"BreadcrumbList\",\"@id\":\"https:\/\/www.chateau-de-menthon.com\/produit\/marque-page\/#breadcrumb\",\"itemListElement\":[{\"@type\":\"ListItem\",\"position\":1,\"name\":\"Accueil\",\"item\":\"https:\/\/www.chateau-de-menthon.com\/en\/\"},{\"@type\":\"ListItem\",\"position\":2,\"name\":\"Boutique\",\"item\":\"https:\/\/www.chateau-de-menthon.com\/boutique\/\"},{\"@type\":\"ListItem\",\"position\":3,\"name\":\"Marque-page\"}]},{\"@type\":\"WebSite\",\"@id\":\"https:\/\/www.chateau-de-menthon.com\/#website\",\"url\":\"https:\/\/www.chateau-de-menthon.com\/\",\"name\":\"Ch\u00e2teau de Menthon\",\"description\":\"Le diamant brut de Haute-Savoie\",\"publisher\":{\"@id\":\"https:\/\/www.chateau-de-menthon.com\/#organization\"},\"potentialAction\":[{\"@type\":\"SearchAction\",\"target\":{\"@type\":\"EntryPoint\",\"urlTemplate\":\"https:\/\/www.chateau-de-menthon.com\/?s={search_term_string}\"},\"query-input\":{\"@type\":\"PropertyValueSpecification\",\"valueRequired\":true,\"valueName\":\"search_term_string\"}}],\"inLanguage\":\"en-US\"},{\"@type\":\"Organization\",\"@id\":\"https:\/\/www.chateau-de-menthon.com\/#organization\",\"name\":\"Ch\u00e2teau de Menthon\",\"url\":\"https:\/\/www.chateau-de-menthon.com\/\",\"logo\":{\"@type\":\"ImageObject\",\"inLanguage\":\"en-US\",\"@id\":\"https:\/\/www.chateau-de-menthon.com\/#\/schema\/logo\/image\/\",\"url\":\"https:\/\/www.chateau-de-menthon.com\/wp-content\/uploads\/2019\/09\/LOGO_MENTHON_Blason_only.png\",\"contentUrl\":\"https:\/\/www.chateau-de-menthon.com\/wp-content\/uploads\/2019\/09\/LOGO_MENTHON_Blason_only.png\",\"width\":466,\"height\":455,\"caption\":\"Ch\u00e2teau de Menthon\"},\"image\":{\"@id\":\"https:\/\/www.chateau-de-menthon.com\/#\/schema\/logo\/image\/\"},\"sameAs\":[\"https:\/\/www.facebook.com\/chateaudementhon\/\",\"https:\/\/www.instagram.com\/chateaudementhonsaintbernard\/\"]}]}<\/script>\n<!-- \/ Yoast SEO plugin. -->","yoast_head_json":{"title":"Marque-page - Ch\u00e2teau de Menthon","robots":{"index":"index","follow":"follow","max-snippet":"max-snippet:-1","max-image-preview":"max-image-preview:large","max-video-preview":"max-video-preview:-1"},"canonical":"https:\/\/www.chateau-de-menthon.com\/produit\/marque-page\/","og_locale":"en_US","og_type":"article","og_title":"Marque-page - Ch\u00e2teau de Menthon","og_description":"Liant l\u2019utile \u00e0 l\u2019agr\u00e9able, ce marque page \u00e9l\u00e9gant et pratique, permet de faire une pause pour les amoureux de la lecture.","og_url":"https:\/\/www.chateau-de-menthon.com\/produit\/marque-page\/","og_site_name":"Ch\u00e2teau de Menthon","article_publisher":"https:\/\/www.facebook.com\/chateaudementhon\/","og_image":[{"width":1920,"height":1920,"url":"https:\/\/www.chateau-de-menthon.com\/wp-content\/uploads\/2024\/06\/MARQUE-PAGE-CHATEAU-MENTHON-P240502142332-6-RAW-30.jpg","type":"image\/jpeg"}],"twitter_card":"summary_large_image","schema":{"@context":"https:\/\/schema.org","@graph":[{"@type":"WebPage","@id":"https:\/\/www.chateau-de-menthon.com\/produit\/marque-page\/","url":"https:\/\/www.chateau-de-menthon.com\/produit\/marque-page\/","name":"Marque-page - Ch\u00e2teau de Menthon","isPartOf":{"@id":"https:\/\/www.chateau-de-menthon.com\/#website"},"primaryImageOfPage":{"@id":"https:\/\/www.chateau-de-menthon.com\/produit\/marque-page\/#primaryimage"},"image":{"@id":"https:\/\/www.chateau-de-menthon.com\/produit\/marque-page\/#primaryimage"},"thumbnailUrl":"https:\/\/www.chateau-de-menthon.com\/wp-content\/uploads\/2024\/06\/MARQUE-PAGE-CHATEAU-MENTHON-P240502142332-6-RAW-30.jpg","datePublished":"2024-06-06T08:10:39+00:00","dateModified":"2024-06-06T08:10:39+00:00","breadcrumb":{"@id":"https:\/\/www.chateau-de-menthon.com\/produit\/marque-page\/#breadcrumb"},"inLanguage":"en-US","potentialAction":[{"@type":"ReadAction","target":["https:\/\/www.chateau-de-menthon.com\/produit\/marque-page\/"]}]},{"@type":"ImageObject","inLanguage":"en-US","@id":"https:\/\/www.chateau-de-menthon.com\/produit\/marque-page\/#primaryimage","url":"https:\/\/www.chateau-de-menthon.com\/wp-content\/uploads\/2024\/06\/MARQUE-PAGE-CHATEAU-MENTHON-P240502142332-6-RAW-30.jpg","contentUrl":"https:\/\/www.chateau-de-menthon.com\/wp-content\/uploads\/2024\/06\/MARQUE-PAGE-CHATEAU-MENTHON-P240502142332-6-RAW-30.jpg","width":1920,"height":1920},{"@type":"BreadcrumbList","@id":"https:\/\/www.chateau-de-menthon.com\/produit\/marque-page\/#breadcrumb","itemListElement":[{"@type":"ListItem","position":1,"name":"Accueil","item":"https:\/\/www.chateau-de-menthon.com\/en\/"},{"@type":"ListItem","position":2,"name":"Boutique","item":"https:\/\/www.chateau-de-menthon.com\/boutique\/"},{"@type":"ListItem","position":3,"name":"Marque-page"}]},{"@type":"WebSite","@id":"https:\/\/www.chateau-de-menthon.com\/#website","url":"https:\/\/www.chateau-de-menthon.com\/","name":"Ch\u00e2teau de Menthon","description":"Le diamant brut de Haute-Savoie","publisher":{"@id":"https:\/\/www.chateau-de-menthon.com\/#organization"},"potentialAction":[{"@type":"SearchAction","target":{"@type":"EntryPoint","urlTemplate":"https:\/\/www.chateau-de-menthon.com\/?s={search_term_string}"},"query-input":{"@type":"PropertyValueSpecification","valueRequired":true,"valueName":"search_term_string"}}],"inLanguage":"en-US"},{"@type":"Organization","@id":"https:\/\/www.chateau-de-menthon.com\/#organization","name":"Ch\u00e2teau de Menthon","url":"https:\/\/www.chateau-de-menthon.com\/","logo":{"@type":"ImageObject","inLanguage":"en-US","@id":"https:\/\/www.chateau-de-menthon.com\/#\/schema\/logo\/image\/","url":"https:\/\/www.chateau-de-menthon.com\/wp-content\/uploads\/2019\/09\/LOGO_MENTHON_Blason_only.png","contentUrl":"https:\/\/www.chateau-de-menthon.com\/wp-content\/uploads\/2019\/09\/LOGO_MENTHON_Blason_only.png","width":466,"height":455,"caption":"Ch\u00e2teau de Menthon"},"image":{"@id":"https:\/\/www.chateau-de-menthon.com\/#\/schema\/logo\/image\/"},"sameAs":["https:\/\/www.facebook.com\/chateaudementhon\/","https:\/\/www.instagram.com\/chateaudementhonsaintbernard\/"]}]}},"_links":{"self":[{"href":"https:\/\/www.chateau-de-menthon.com\/en\/wp-json\/wp\/v2\/product\/6843","targetHints":{"allow":["GET"]}}],"collection":[{"href":"https:\/\/www.chateau-de-menthon.com\/en\/wp-json\/wp\/v2\/product"}],"about":[{"href":"https:\/\/www.chateau-de-menthon.com\/en\/wp-json\/wp\/v2\/types\/product"}],"replies":[{"embeddable":true,"href":"https:\/\/www.chateau-de-menthon.com\/en\/wp-json\/wp\/v2\/comments?post=6843"}],"wp:featuredmedia":[{"embeddable":true,"href":"https:\/\/www.chateau-de-menthon.com\/en\/wp-json\/wp\/v2\/media\/6846"}],"wp:attachment":[{"href":"https:\/\/www.chateau-de-menthon.com\/en\/wp-json\/wp\/v2\/media?parent=6843"}],"wp:term":[{"taxonomy":"product_cat","embeddable":true,"href":"https:\/\/www.chateau-de-menthon.com\/en\/wp-json\/wp\/v2\/product_cat?post=6843"},{"taxonomy":"product_tag","embeddable":true,"href":"https:\/\/www.chateau-de-menthon.com\/en\/wp-json\/wp\/v2\/product_tag?post=6843"}],"curies":[{"name":"wp","href":"https:\/\/api.w.org\/{rel}","templated":true}]}}