{"id":6822,"date":"2024-06-06T10:01:39","date_gmt":"2024-06-06T08:01:39","guid":{"rendered":"https:\/\/www.chateau-de-menthon.com\/?post_type=product&#038;p=6822"},"modified":"2026-03-27T13:55:17","modified_gmt":"2026-03-27T12:55:17","slug":"annales-du-chateau-de-menthon-2021","status":"publish","type":"product","link":"https:\/\/www.chateau-de-menthon.com\/en\/produit\/annales-du-chateau-de-menthon-2021\/","title":{"rendered":"Annales du Ch\u00e2teau de Menthon &#8211; 2021"},"content":{"rendered":"<p>Chaque ann\u00e9e depuis 2019, un cycle de conf\u00e9rences historique est propos\u00e9, ouvert \u00e0 tous, au ch\u00e2teau.<\/p>\n<p>Les r\u00e9sum\u00e9s illustr\u00e9s sont \u00e9dit\u00e9s sous forme de p\u00e9riodiques.<\/p>\n","protected":false},"excerpt":{"rendered":"<p>Chaque ann\u00e9e depuis 2019, un cycle de conf\u00e9rences historique est propos\u00e9, ouvert \u00e0 tous, au ch\u00e2teau.<\/p>\n<p>Les r\u00e9sum\u00e9s illustr\u00e9s sont \u00e9dit\u00e9s sous forme de p\u00e9riodiques.<\/p>\n","protected":false},"featured_media":6827,"comment_status":"closed","ping_status":"closed","template":"","meta":{"_acf_changed":false},"product_cat":[94,79],"product_tag":[],"class_list":{"0":"post-6822","1":"product","2":"type-product","3":"status-publish","4":"has-post-thumbnail","6":"product_cat-librairie","7":"product_cat-librairie-souvenirs","9":"first","10":"instock","11":"taxable","12":"shipping-taxable","13":"purchasable","14":"product-type-simple"},"acf":[],"yoast_head":"<!-- This site is optimized with the Yoast SEO plugin v27.4 - https:\/\/yoast.com\/product\/yoast-seo-wordpress\/ -->\n<title>Annales du Ch\u00e2teau de Menthon - 2021 - Ch\u00e2teau de Menthon<\/title>\n<meta name=\"robots\" content=\"index, follow, max-snippet:-1, max-image-preview:large, max-video-preview:-1\" \/>\n<link rel=\"canonical\" href=\"https:\/\/www.chateau-de-menthon.com\/produit\/annales-du-chateau-de-menthon-2021\/\" \/>\n<meta property=\"og:locale\" content=\"en_US\" \/>\n<meta property=\"og:type\" content=\"article\" \/>\n<meta property=\"og:title\" content=\"Annales du Ch\u00e2teau de Menthon - 2021 - Ch\u00e2teau de Menthon\" \/>\n<meta property=\"og:description\" content=\"Chaque ann\u00e9e depuis 2019, un cycle de conf\u00e9rences historique est propos\u00e9, ouvert \u00e0 tous, au ch\u00e2teau.  Les r\u00e9sum\u00e9s illustr\u00e9s sont \u00e9dit\u00e9s sous forme de p\u00e9riodiques.\" \/>\n<meta property=\"og:url\" content=\"https:\/\/www.chateau-de-menthon.com\/produit\/annales-du-chateau-de-menthon-2021\/\" \/>\n<meta property=\"og:site_name\" content=\"Ch\u00e2teau de Menthon\" \/>\n<meta property=\"article:publisher\" content=\"https:\/\/www.facebook.com\/chateaudementhon\/\" \/>\n<meta property=\"article:modified_time\" content=\"2026-03-27T12:55:17+00:00\" \/>\n<meta property=\"og:image\" content=\"https:\/\/www.chateau-de-menthon.com\/wp-content\/uploads\/2024\/06\/ANNALES-CHATEAU-MENTHON-2021-1.jpg\" \/>\n\t<meta property=\"og:image:width\" content=\"1920\" \/>\n\t<meta property=\"og:image:height\" content=\"1920\" \/>\n\t<meta property=\"og:image:type\" content=\"image\/jpeg\" \/>\n<meta name=\"twitter:card\" content=\"summary_large_image\" \/>\n<script type=\"application\/ld+json\" class=\"yoast-schema-graph\">{\"@context\":\"https:\\\/\\\/schema.org\",\"@graph\":[{\"@type\":\"WebPage\",\"@id\":\"https:\\\/\\\/www.chateau-de-menthon.com\\\/produit\\\/annales-du-chateau-de-menthon-2021\\\/\",\"url\":\"https:\\\/\\\/www.chateau-de-menthon.com\\\/produit\\\/annales-du-chateau-de-menthon-2021\\\/\",\"name\":\"Annales du Ch\u00e2teau de Menthon - 2021 - Ch\u00e2teau de Menthon\",\"isPartOf\":{\"@id\":\"https:\\\/\\\/www.chateau-de-menthon.com\\\/#website\"},\"primaryImageOfPage\":{\"@id\":\"https:\\\/\\\/www.chateau-de-menthon.com\\\/produit\\\/annales-du-chateau-de-menthon-2021\\\/#primaryimage\"},\"image\":{\"@id\":\"https:\\\/\\\/www.chateau-de-menthon.com\\\/produit\\\/annales-du-chateau-de-menthon-2021\\\/#primaryimage\"},\"thumbnailUrl\":\"https:\\\/\\\/www.chateau-de-menthon.com\\\/wp-content\\\/uploads\\\/2024\\\/06\\\/ANNALES-CHATEAU-MENTHON-2021-1.jpg\",\"datePublished\":\"2024-06-06T08:01:39+00:00\",\"dateModified\":\"2026-03-27T12:55:17+00:00\",\"breadcrumb\":{\"@id\":\"https:\\\/\\\/www.chateau-de-menthon.com\\\/produit\\\/annales-du-chateau-de-menthon-2021\\\/#breadcrumb\"},\"inLanguage\":\"en-US\",\"potentialAction\":[{\"@type\":\"ReadAction\",\"target\":[\"https:\\\/\\\/www.chateau-de-menthon.com\\\/produit\\\/annales-du-chateau-de-menthon-2021\\\/\"]}]},{\"@type\":\"ImageObject\",\"inLanguage\":\"en-US\",\"@id\":\"https:\\\/\\\/www.chateau-de-menthon.com\\\/produit\\\/annales-du-chateau-de-menthon-2021\\\/#primaryimage\",\"url\":\"https:\\\/\\\/www.chateau-de-menthon.com\\\/wp-content\\\/uploads\\\/2024\\\/06\\\/ANNALES-CHATEAU-MENTHON-2021-1.jpg\",\"contentUrl\":\"https:\\\/\\\/www.chateau-de-menthon.com\\\/wp-content\\\/uploads\\\/2024\\\/06\\\/ANNALES-CHATEAU-MENTHON-2021-1.jpg\",\"width\":1920,\"height\":1920},{\"@type\":\"BreadcrumbList\",\"@id\":\"https:\\\/\\\/www.chateau-de-menthon.com\\\/produit\\\/annales-du-chateau-de-menthon-2021\\\/#breadcrumb\",\"itemListElement\":[{\"@type\":\"ListItem\",\"position\":1,\"name\":\"Accueil\",\"item\":\"https:\\\/\\\/www.chateau-de-menthon.com\\\/en\\\/\"},{\"@type\":\"ListItem\",\"position\":2,\"name\":\"Boutique\",\"item\":\"https:\\\/\\\/www.chateau-de-menthon.com\\\/boutique\\\/\"},{\"@type\":\"ListItem\",\"position\":3,\"name\":\"Annales du Ch\u00e2teau de Menthon &#8211; 2021\"}]},{\"@type\":\"WebSite\",\"@id\":\"https:\\\/\\\/www.chateau-de-menthon.com\\\/#website\",\"url\":\"https:\\\/\\\/www.chateau-de-menthon.com\\\/\",\"name\":\"Ch\u00e2teau de Menthon\",\"description\":\"Le diamant brut de Haute-Savoie\",\"publisher\":{\"@id\":\"https:\\\/\\\/www.chateau-de-menthon.com\\\/#organization\"},\"potentialAction\":[{\"@type\":\"SearchAction\",\"target\":{\"@type\":\"EntryPoint\",\"urlTemplate\":\"https:\\\/\\\/www.chateau-de-menthon.com\\\/?s={search_term_string}\"},\"query-input\":{\"@type\":\"PropertyValueSpecification\",\"valueRequired\":true,\"valueName\":\"search_term_string\"}}],\"inLanguage\":\"en-US\"},{\"@type\":\"Organization\",\"@id\":\"https:\\\/\\\/www.chateau-de-menthon.com\\\/#organization\",\"name\":\"Ch\u00e2teau de Menthon\",\"url\":\"https:\\\/\\\/www.chateau-de-menthon.com\\\/\",\"logo\":{\"@type\":\"ImageObject\",\"inLanguage\":\"en-US\",\"@id\":\"https:\\\/\\\/www.chateau-de-menthon.com\\\/#\\\/schema\\\/logo\\\/image\\\/\",\"url\":\"https:\\\/\\\/www.chateau-de-menthon.com\\\/wp-content\\\/uploads\\\/2019\\\/09\\\/LOGO_MENTHON_Blason_only.png\",\"contentUrl\":\"https:\\\/\\\/www.chateau-de-menthon.com\\\/wp-content\\\/uploads\\\/2019\\\/09\\\/LOGO_MENTHON_Blason_only.png\",\"width\":466,\"height\":455,\"caption\":\"Ch\u00e2teau de Menthon\"},\"image\":{\"@id\":\"https:\\\/\\\/www.chateau-de-menthon.com\\\/#\\\/schema\\\/logo\\\/image\\\/\"},\"sameAs\":[\"https:\\\/\\\/www.facebook.com\\\/chateaudementhon\\\/\",\"https:\\\/\\\/www.instagram.com\\\/chateaudementhonsaintbernard\\\/\"]}]}<\/script>\n<!-- \/ Yoast SEO plugin. -->","yoast_head_json":{"title":"Annales du Ch\u00e2teau de Menthon - 2021 - Ch\u00e2teau de Menthon","robots":{"index":"index","follow":"follow","max-snippet":"max-snippet:-1","max-image-preview":"max-image-preview:large","max-video-preview":"max-video-preview:-1"},"canonical":"https:\/\/www.chateau-de-menthon.com\/produit\/annales-du-chateau-de-menthon-2021\/","og_locale":"en_US","og_type":"article","og_title":"Annales du Ch\u00e2teau de Menthon - 2021 - Ch\u00e2teau de Menthon","og_description":"Chaque ann\u00e9e depuis 2019, un cycle de conf\u00e9rences historique est propos\u00e9, ouvert \u00e0 tous, au ch\u00e2teau.  Les r\u00e9sum\u00e9s illustr\u00e9s sont \u00e9dit\u00e9s sous forme de p\u00e9riodiques.","og_url":"https:\/\/www.chateau-de-menthon.com\/produit\/annales-du-chateau-de-menthon-2021\/","og_site_name":"Ch\u00e2teau de Menthon","article_publisher":"https:\/\/www.facebook.com\/chateaudementhon\/","article_modified_time":"2026-03-27T12:55:17+00:00","og_image":[{"width":1920,"height":1920,"url":"https:\/\/www.chateau-de-menthon.com\/wp-content\/uploads\/2024\/06\/ANNALES-CHATEAU-MENTHON-2021-1.jpg","type":"image\/jpeg"}],"twitter_card":"summary_large_image","schema":{"@context":"https:\/\/schema.org","@graph":[{"@type":"WebPage","@id":"https:\/\/www.chateau-de-menthon.com\/produit\/annales-du-chateau-de-menthon-2021\/","url":"https:\/\/www.chateau-de-menthon.com\/produit\/annales-du-chateau-de-menthon-2021\/","name":"Annales du Ch\u00e2teau de Menthon - 2021 - Ch\u00e2teau de Menthon","isPartOf":{"@id":"https:\/\/www.chateau-de-menthon.com\/#website"},"primaryImageOfPage":{"@id":"https:\/\/www.chateau-de-menthon.com\/produit\/annales-du-chateau-de-menthon-2021\/#primaryimage"},"image":{"@id":"https:\/\/www.chateau-de-menthon.com\/produit\/annales-du-chateau-de-menthon-2021\/#primaryimage"},"thumbnailUrl":"https:\/\/www.chateau-de-menthon.com\/wp-content\/uploads\/2024\/06\/ANNALES-CHATEAU-MENTHON-2021-1.jpg","datePublished":"2024-06-06T08:01:39+00:00","dateModified":"2026-03-27T12:55:17+00:00","breadcrumb":{"@id":"https:\/\/www.chateau-de-menthon.com\/produit\/annales-du-chateau-de-menthon-2021\/#breadcrumb"},"inLanguage":"en-US","potentialAction":[{"@type":"ReadAction","target":["https:\/\/www.chateau-de-menthon.com\/produit\/annales-du-chateau-de-menthon-2021\/"]}]},{"@type":"ImageObject","inLanguage":"en-US","@id":"https:\/\/www.chateau-de-menthon.com\/produit\/annales-du-chateau-de-menthon-2021\/#primaryimage","url":"https:\/\/www.chateau-de-menthon.com\/wp-content\/uploads\/2024\/06\/ANNALES-CHATEAU-MENTHON-2021-1.jpg","contentUrl":"https:\/\/www.chateau-de-menthon.com\/wp-content\/uploads\/2024\/06\/ANNALES-CHATEAU-MENTHON-2021-1.jpg","width":1920,"height":1920},{"@type":"BreadcrumbList","@id":"https:\/\/www.chateau-de-menthon.com\/produit\/annales-du-chateau-de-menthon-2021\/#breadcrumb","itemListElement":[{"@type":"ListItem","position":1,"name":"Accueil","item":"https:\/\/www.chateau-de-menthon.com\/en\/"},{"@type":"ListItem","position":2,"name":"Boutique","item":"https:\/\/www.chateau-de-menthon.com\/boutique\/"},{"@type":"ListItem","position":3,"name":"Annales du Ch\u00e2teau de Menthon &#8211; 2021"}]},{"@type":"WebSite","@id":"https:\/\/www.chateau-de-menthon.com\/#website","url":"https:\/\/www.chateau-de-menthon.com\/","name":"Ch\u00e2teau de Menthon","description":"Le diamant brut de Haute-Savoie","publisher":{"@id":"https:\/\/www.chateau-de-menthon.com\/#organization"},"potentialAction":[{"@type":"SearchAction","target":{"@type":"EntryPoint","urlTemplate":"https:\/\/www.chateau-de-menthon.com\/?s={search_term_string}"},"query-input":{"@type":"PropertyValueSpecification","valueRequired":true,"valueName":"search_term_string"}}],"inLanguage":"en-US"},{"@type":"Organization","@id":"https:\/\/www.chateau-de-menthon.com\/#organization","name":"Ch\u00e2teau de Menthon","url":"https:\/\/www.chateau-de-menthon.com\/","logo":{"@type":"ImageObject","inLanguage":"en-US","@id":"https:\/\/www.chateau-de-menthon.com\/#\/schema\/logo\/image\/","url":"https:\/\/www.chateau-de-menthon.com\/wp-content\/uploads\/2019\/09\/LOGO_MENTHON_Blason_only.png","contentUrl":"https:\/\/www.chateau-de-menthon.com\/wp-content\/uploads\/2019\/09\/LOGO_MENTHON_Blason_only.png","width":466,"height":455,"caption":"Ch\u00e2teau de Menthon"},"image":{"@id":"https:\/\/www.chateau-de-menthon.com\/#\/schema\/logo\/image\/"},"sameAs":["https:\/\/www.facebook.com\/chateaudementhon\/","https:\/\/www.instagram.com\/chateaudementhonsaintbernard\/"]}]}},"_links":{"self":[{"href":"https:\/\/www.chateau-de-menthon.com\/en\/wp-json\/wp\/v2\/product\/6822","targetHints":{"allow":["GET"]}}],"collection":[{"href":"https:\/\/www.chateau-de-menthon.com\/en\/wp-json\/wp\/v2\/product"}],"about":[{"href":"https:\/\/www.chateau-de-menthon.com\/en\/wp-json\/wp\/v2\/types\/product"}],"replies":[{"embeddable":true,"href":"https:\/\/www.chateau-de-menthon.com\/en\/wp-json\/wp\/v2\/comments?post=6822"}],"wp:featuredmedia":[{"embeddable":true,"href":"https:\/\/www.chateau-de-menthon.com\/en\/wp-json\/wp\/v2\/media\/6827"}],"wp:attachment":[{"href":"https:\/\/www.chateau-de-menthon.com\/en\/wp-json\/wp\/v2\/media?parent=6822"}],"wp:term":[{"taxonomy":"product_cat","embeddable":true,"href":"https:\/\/www.chateau-de-menthon.com\/en\/wp-json\/wp\/v2\/product_cat?post=6822"},{"taxonomy":"product_tag","embeddable":true,"href":"https:\/\/www.chateau-de-menthon.com\/en\/wp-json\/wp\/v2\/product_tag?post=6822"}],"curies":[{"name":"wp","href":"https:\/\/api.w.org\/{rel}","templated":true}]}}