{"id":3025,"date":"2022-01-17T15:55:47","date_gmt":"2022-01-17T14:55:47","guid":{"rendered":"https:\/\/www.chateau-de-menthon.com\/?post_type=product&#038;p=3025"},"modified":"2026-03-27T11:44:34","modified_gmt":"2026-03-27T10:44:34","slug":"puzzle","status":"publish","type":"product","link":"https:\/\/www.chateau-de-menthon.com\/en\/produit\/puzzle\/","title":{"rendered":"Puzzle"},"content":{"rendered":"<p>Puzzle 500 pi\u00e8ces du ch\u00e2teau et son paysage.<\/p>\n<p>Longueur : 48cm<br \/>\nLargeur : 34 cm<\/p>\n","protected":false},"excerpt":{"rendered":"<p>Puzzle 500 pi\u00e8ces du ch\u00e2teau et son paysage.<\/p>\n<p>Longueur : 48cm<br \/>\nLargeur : 34 cm<\/p>\n","protected":false},"featured_media":3026,"comment_status":"open","ping_status":"closed","template":"","meta":{"_acf_changed":false},"product_cat":[96],"product_tag":[],"class_list":{"0":"post-3025","1":"product","2":"type-product","3":"status-publish","4":"has-post-thumbnail","6":"product_cat-souvenirs","8":"first","9":"instock","10":"taxable","11":"shipping-taxable","12":"purchasable","13":"product-type-simple"},"acf":[],"yoast_head":"<!-- This site is optimized with the Yoast SEO plugin v23.9 - https:\/\/yoast.com\/wordpress\/plugins\/seo\/ -->\n<title>Puzzle - Ch\u00e2teau de Menthon<\/title>\n<meta name=\"description\" content=\"Puzzle 500 pi\u00e8ces du ch\u00e2teau et son paysage.\u00a0Longueur : 48cm Largeur : 34 cm\" \/>\n<meta name=\"robots\" content=\"index, follow, max-snippet:-1, max-image-preview:large, max-video-preview:-1\" \/>\n<link rel=\"canonical\" href=\"https:\/\/www.chateau-de-menthon.com\/produit\/puzzle\/\" \/>\n<meta property=\"og:locale\" content=\"en_US\" \/>\n<meta property=\"og:type\" content=\"article\" \/>\n<meta property=\"og:title\" content=\"Puzzle - Ch\u00e2teau de Menthon\" \/>\n<meta property=\"og:description\" content=\"Puzzle 500 pi\u00e8ces du ch\u00e2teau et son paysage.\u00a0Longueur : 48cm Largeur : 34 cm\" \/>\n<meta property=\"og:url\" content=\"https:\/\/www.chateau-de-menthon.com\/produit\/puzzle\/\" \/>\n<meta property=\"og:site_name\" content=\"Ch\u00e2teau de Menthon\" \/>\n<meta property=\"article:publisher\" content=\"https:\/\/www.facebook.com\/chateaudementhon\/\" \/>\n<meta property=\"article:modified_time\" content=\"2026-03-27T10:44:34+00:00\" \/>\n<meta property=\"og:image\" content=\"https:\/\/www.chateau-de-menthon.com\/wp-content\/uploads\/2022\/01\/P211001163025-3-RAW-2.jpg\" \/>\n\t<meta property=\"og:image:width\" content=\"1920\" \/>\n\t<meta property=\"og:image:height\" content=\"1920\" \/>\n\t<meta property=\"og:image:type\" content=\"image\/jpeg\" \/>\n<meta name=\"twitter:card\" content=\"summary_large_image\" \/>\n<script type=\"application\/ld+json\" class=\"yoast-schema-graph\">{\"@context\":\"https:\/\/schema.org\",\"@graph\":[{\"@type\":\"WebPage\",\"@id\":\"https:\/\/www.chateau-de-menthon.com\/produit\/puzzle\/\",\"url\":\"https:\/\/www.chateau-de-menthon.com\/produit\/puzzle\/\",\"name\":\"Puzzle - Ch\u00e2teau de Menthon\",\"isPartOf\":{\"@id\":\"https:\/\/www.chateau-de-menthon.com\/#website\"},\"primaryImageOfPage\":{\"@id\":\"https:\/\/www.chateau-de-menthon.com\/produit\/puzzle\/#primaryimage\"},\"image\":{\"@id\":\"https:\/\/www.chateau-de-menthon.com\/produit\/puzzle\/#primaryimage\"},\"thumbnailUrl\":\"https:\/\/www.chateau-de-menthon.com\/wp-content\/uploads\/2022\/01\/P211001163025-3-RAW-2.jpg\",\"datePublished\":\"2022-01-17T14:55:47+00:00\",\"dateModified\":\"2026-03-27T10:44:34+00:00\",\"description\":\"Puzzle 500 pi\u00e8ces du ch\u00e2teau et son paysage.\u00a0Longueur : 48cm Largeur : 34 cm\",\"breadcrumb\":{\"@id\":\"https:\/\/www.chateau-de-menthon.com\/produit\/puzzle\/#breadcrumb\"},\"inLanguage\":\"en-US\",\"potentialAction\":[{\"@type\":\"ReadAction\",\"target\":[\"https:\/\/www.chateau-de-menthon.com\/produit\/puzzle\/\"]}]},{\"@type\":\"ImageObject\",\"inLanguage\":\"en-US\",\"@id\":\"https:\/\/www.chateau-de-menthon.com\/produit\/puzzle\/#primaryimage\",\"url\":\"https:\/\/www.chateau-de-menthon.com\/wp-content\/uploads\/2022\/01\/P211001163025-3-RAW-2.jpg\",\"contentUrl\":\"https:\/\/www.chateau-de-menthon.com\/wp-content\/uploads\/2022\/01\/P211001163025-3-RAW-2.jpg\",\"width\":1920,\"height\":1920},{\"@type\":\"BreadcrumbList\",\"@id\":\"https:\/\/www.chateau-de-menthon.com\/produit\/puzzle\/#breadcrumb\",\"itemListElement\":[{\"@type\":\"ListItem\",\"position\":1,\"name\":\"Accueil\",\"item\":\"https:\/\/www.chateau-de-menthon.com\/en\/\"},{\"@type\":\"ListItem\",\"position\":2,\"name\":\"Boutique\",\"item\":\"https:\/\/www.chateau-de-menthon.com\/boutique\/\"},{\"@type\":\"ListItem\",\"position\":3,\"name\":\"Puzzle\"}]},{\"@type\":\"WebSite\",\"@id\":\"https:\/\/www.chateau-de-menthon.com\/#website\",\"url\":\"https:\/\/www.chateau-de-menthon.com\/\",\"name\":\"Ch\u00e2teau de Menthon\",\"description\":\"Le diamant brut de Haute-Savoie\",\"publisher\":{\"@id\":\"https:\/\/www.chateau-de-menthon.com\/#organization\"},\"potentialAction\":[{\"@type\":\"SearchAction\",\"target\":{\"@type\":\"EntryPoint\",\"urlTemplate\":\"https:\/\/www.chateau-de-menthon.com\/?s={search_term_string}\"},\"query-input\":{\"@type\":\"PropertyValueSpecification\",\"valueRequired\":true,\"valueName\":\"search_term_string\"}}],\"inLanguage\":\"en-US\"},{\"@type\":\"Organization\",\"@id\":\"https:\/\/www.chateau-de-menthon.com\/#organization\",\"name\":\"Ch\u00e2teau de Menthon\",\"url\":\"https:\/\/www.chateau-de-menthon.com\/\",\"logo\":{\"@type\":\"ImageObject\",\"inLanguage\":\"en-US\",\"@id\":\"https:\/\/www.chateau-de-menthon.com\/#\/schema\/logo\/image\/\",\"url\":\"https:\/\/www.chateau-de-menthon.com\/wp-content\/uploads\/2019\/09\/LOGO_MENTHON_Blason_only.png\",\"contentUrl\":\"https:\/\/www.chateau-de-menthon.com\/wp-content\/uploads\/2019\/09\/LOGO_MENTHON_Blason_only.png\",\"width\":466,\"height\":455,\"caption\":\"Ch\u00e2teau de Menthon\"},\"image\":{\"@id\":\"https:\/\/www.chateau-de-menthon.com\/#\/schema\/logo\/image\/\"},\"sameAs\":[\"https:\/\/www.facebook.com\/chateaudementhon\/\",\"https:\/\/www.instagram.com\/chateaudementhonsaintbernard\/\"]}]}<\/script>\n<!-- \/ Yoast SEO plugin. -->","yoast_head_json":{"title":"Puzzle - Ch\u00e2teau de Menthon","description":"Puzzle 500 pi\u00e8ces du ch\u00e2teau et son paysage.\u00a0Longueur : 48cm Largeur : 34 cm","robots":{"index":"index","follow":"follow","max-snippet":"max-snippet:-1","max-image-preview":"max-image-preview:large","max-video-preview":"max-video-preview:-1"},"canonical":"https:\/\/www.chateau-de-menthon.com\/produit\/puzzle\/","og_locale":"en_US","og_type":"article","og_title":"Puzzle - Ch\u00e2teau de Menthon","og_description":"Puzzle 500 pi\u00e8ces du ch\u00e2teau et son paysage.\u00a0Longueur : 48cm Largeur : 34 cm","og_url":"https:\/\/www.chateau-de-menthon.com\/produit\/puzzle\/","og_site_name":"Ch\u00e2teau de Menthon","article_publisher":"https:\/\/www.facebook.com\/chateaudementhon\/","article_modified_time":"2026-03-27T10:44:34+00:00","og_image":[{"width":1920,"height":1920,"url":"https:\/\/www.chateau-de-menthon.com\/wp-content\/uploads\/2022\/01\/P211001163025-3-RAW-2.jpg","type":"image\/jpeg"}],"twitter_card":"summary_large_image","schema":{"@context":"https:\/\/schema.org","@graph":[{"@type":"WebPage","@id":"https:\/\/www.chateau-de-menthon.com\/produit\/puzzle\/","url":"https:\/\/www.chateau-de-menthon.com\/produit\/puzzle\/","name":"Puzzle - Ch\u00e2teau de Menthon","isPartOf":{"@id":"https:\/\/www.chateau-de-menthon.com\/#website"},"primaryImageOfPage":{"@id":"https:\/\/www.chateau-de-menthon.com\/produit\/puzzle\/#primaryimage"},"image":{"@id":"https:\/\/www.chateau-de-menthon.com\/produit\/puzzle\/#primaryimage"},"thumbnailUrl":"https:\/\/www.chateau-de-menthon.com\/wp-content\/uploads\/2022\/01\/P211001163025-3-RAW-2.jpg","datePublished":"2022-01-17T14:55:47+00:00","dateModified":"2026-03-27T10:44:34+00:00","description":"Puzzle 500 pi\u00e8ces du ch\u00e2teau et son paysage.\u00a0Longueur : 48cm Largeur : 34 cm","breadcrumb":{"@id":"https:\/\/www.chateau-de-menthon.com\/produit\/puzzle\/#breadcrumb"},"inLanguage":"en-US","potentialAction":[{"@type":"ReadAction","target":["https:\/\/www.chateau-de-menthon.com\/produit\/puzzle\/"]}]},{"@type":"ImageObject","inLanguage":"en-US","@id":"https:\/\/www.chateau-de-menthon.com\/produit\/puzzle\/#primaryimage","url":"https:\/\/www.chateau-de-menthon.com\/wp-content\/uploads\/2022\/01\/P211001163025-3-RAW-2.jpg","contentUrl":"https:\/\/www.chateau-de-menthon.com\/wp-content\/uploads\/2022\/01\/P211001163025-3-RAW-2.jpg","width":1920,"height":1920},{"@type":"BreadcrumbList","@id":"https:\/\/www.chateau-de-menthon.com\/produit\/puzzle\/#breadcrumb","itemListElement":[{"@type":"ListItem","position":1,"name":"Accueil","item":"https:\/\/www.chateau-de-menthon.com\/en\/"},{"@type":"ListItem","position":2,"name":"Boutique","item":"https:\/\/www.chateau-de-menthon.com\/boutique\/"},{"@type":"ListItem","position":3,"name":"Puzzle"}]},{"@type":"WebSite","@id":"https:\/\/www.chateau-de-menthon.com\/#website","url":"https:\/\/www.chateau-de-menthon.com\/","name":"Ch\u00e2teau de Menthon","description":"Le diamant brut de Haute-Savoie","publisher":{"@id":"https:\/\/www.chateau-de-menthon.com\/#organization"},"potentialAction":[{"@type":"SearchAction","target":{"@type":"EntryPoint","urlTemplate":"https:\/\/www.chateau-de-menthon.com\/?s={search_term_string}"},"query-input":{"@type":"PropertyValueSpecification","valueRequired":true,"valueName":"search_term_string"}}],"inLanguage":"en-US"},{"@type":"Organization","@id":"https:\/\/www.chateau-de-menthon.com\/#organization","name":"Ch\u00e2teau de Menthon","url":"https:\/\/www.chateau-de-menthon.com\/","logo":{"@type":"ImageObject","inLanguage":"en-US","@id":"https:\/\/www.chateau-de-menthon.com\/#\/schema\/logo\/image\/","url":"https:\/\/www.chateau-de-menthon.com\/wp-content\/uploads\/2019\/09\/LOGO_MENTHON_Blason_only.png","contentUrl":"https:\/\/www.chateau-de-menthon.com\/wp-content\/uploads\/2019\/09\/LOGO_MENTHON_Blason_only.png","width":466,"height":455,"caption":"Ch\u00e2teau de Menthon"},"image":{"@id":"https:\/\/www.chateau-de-menthon.com\/#\/schema\/logo\/image\/"},"sameAs":["https:\/\/www.facebook.com\/chateaudementhon\/","https:\/\/www.instagram.com\/chateaudementhonsaintbernard\/"]}]}},"_links":{"self":[{"href":"https:\/\/www.chateau-de-menthon.com\/en\/wp-json\/wp\/v2\/product\/3025","targetHints":{"allow":["GET"]}}],"collection":[{"href":"https:\/\/www.chateau-de-menthon.com\/en\/wp-json\/wp\/v2\/product"}],"about":[{"href":"https:\/\/www.chateau-de-menthon.com\/en\/wp-json\/wp\/v2\/types\/product"}],"replies":[{"embeddable":true,"href":"https:\/\/www.chateau-de-menthon.com\/en\/wp-json\/wp\/v2\/comments?post=3025"}],"wp:featuredmedia":[{"embeddable":true,"href":"https:\/\/www.chateau-de-menthon.com\/en\/wp-json\/wp\/v2\/media\/3026"}],"wp:attachment":[{"href":"https:\/\/www.chateau-de-menthon.com\/en\/wp-json\/wp\/v2\/media?parent=3025"}],"wp:term":[{"taxonomy":"product_cat","embeddable":true,"href":"https:\/\/www.chateau-de-menthon.com\/en\/wp-json\/wp\/v2\/product_cat?post=3025"},{"taxonomy":"product_tag","embeddable":true,"href":"https:\/\/www.chateau-de-menthon.com\/en\/wp-json\/wp\/v2\/product_tag?post=3025"}],"curies":[{"name":"wp","href":"https:\/\/api.w.org\/{rel}","templated":true}]}}